{"id":30,"date":"2021-09-22T19:37:34","date_gmt":"2021-09-23T00:37:34","guid":{"rendered":"http:\/\/saldos.in\/?post_type=product&#038;p=30"},"modified":"2025-07-01T21:41:03","modified_gmt":"2025-07-02T03:41:03","slug":"robot-limpiador-aspiradora-360-f7pro-compatible-con-alexa-y-google","status":"publish","type":"product","link":"https:\/\/saldos.in\/?product=robot-limpiador-aspiradora-360-f7pro-compatible-con-alexa-y-google","title":{"rendered":"Robot Limpiador Aspiradora +360 F7PRO Compatible con Alexa y Google"},"content":{"rendered":"<div id=\"productOverview_feature_div\" class=\"celwidget\" data-feature-name=\"productOverview\" data-csa-c-id=\"llqwtk-dlhi26-vtfn4y-acyklp\" data-cel-widget=\"productOverview_feature_div\">\n<div class=\"a-section a-spacing-small a-spacing-top-small\">\n<table class=\"a-normal a-spacing-micro\">\n<tbody>\n<tr class=\"a-spacing-small\">\n<td class=\"a-span3\"><span class=\"a-size-base a-text-bold\">Marca:<\/span><\/td>\n<td class=\"a-span9\"><span class=\"a-size-base\">+ 360<\/span><\/td>\n<\/tr>\n<tr class=\"a-spacing-small\">\n<td class=\"a-span3\"><span class=\"a-size-base a-text-bold\">Color:<\/span><\/td>\n<td class=\"a-span9\"><span class=\"a-size-base\">Negro<\/span><\/td>\n<\/tr>\n<tr class=\"a-spacing-small\">\n<td class=\"a-span3\"><span class=\"a-size-base a-text-bold\">Recomendaci\u00f3n de superficie:<\/span><\/td>\n<td class=\"a-span9\"><span class=\"a-size-base\">Alfombra<\/span><\/td>\n<\/tr>\n<tr class=\"a-spacing-small\">\n<td class=\"a-span3\"><span class=\"a-size-base a-text-bold\">Tipo de controlador<\/span><\/td>\n<td class=\"a-span9\"><span class=\"a-size-base\">Control de App, Control de Voz<\/span><\/td>\n<\/tr>\n<tr class=\"a-spacing-small\">\n<td class=\"a-span3\"><span class=\"a-size-base a-text-bold\">Composici\u00f3n de las celdas de la bater\u00eda<\/span><\/td>\n<td class=\"a-span9\"><span class=\"a-size-base\">Litio Ion<\/span><\/td>\n<\/tr>\n<\/tbody>\n<\/table>\n<\/div>\n<\/div>\n<div id=\"featurebullets_feature_div\" class=\"celwidget\" data-feature-name=\"featurebullets\" data-csa-c-id=\"1ztn7t-pj1207-kuqqcf-l8v1vs\" data-cel-widget=\"featurebullets_feature_div\">\n<div id=\"feature-bullets\" class=\"a-section a-spacing-medium a-spacing-top-small\">\n<hr \/>\n<h1 class=\"a-size-base-plus a-text-bold\">Sobre este art\u00edculo<\/h1>\n<ul class=\"a-unordered-list a-vertical a-spacing-mini\">\n<li><span class=\"a-list-item\">Robot aspirador con tecnolog\u00eda de mapeo l\u00e1ser: tu robot navegar\u00e1 de forma inteligente y construir\u00e1 un mapa de tu hogar, lo que le permite evaluar tu interior y determinar las rutas de limpieza m\u00e1s eficientes.<\/span><\/li>\n<li><span class=\"a-list-item\">Aspirar y fregar simult\u00e1neamente: el combo de robot aspirador 360 y fregona puede aspirar, fregar o hacer ambos al mismo tiempo para limpiar tu habitaci\u00f3n.<\/span><\/li>\n<li><span class=\"a-list-item\">L\u00edmites virtuales y zonas sin marchas: puedes establecer l\u00edmites de l\u00ednea virtual o zonas sin movimiento para mantener algunas zonas de tu casa no molestan. Al establecer una zona de fregona fuera de l\u00edmite, podr\u00eda evitar alfombras al moverse y autom\u00e1ticamente doble potencia de succi\u00f3n mientras aspiras.<\/span><\/li>\n<li><span class=\"a-list-item\">Limpieza personalizada: el robot aspirador inteligente 360 S7 Pro limpia tu hogar de la forma que desees, en cualquier momento, en cualquier lugar. Prioriza las habitaciones de tu casa, elige una hora o una zona, l\u00edmpiala una o dos veces, como quieras.<\/span><\/li>\n<li><span class=\"a-list-item\">Servicio de atenci\u00f3n al cliente actualizado: 360 productos vienen con un a\u00f1o de servicio de garant\u00eda sin preocupaciones, 24 horas de apoyo t\u00e9cnico. Encuentra nosotros a trav\u00e9s de la aplicaci\u00f3n 360Robot. 360 S7 Pro s\u00f3lo soporta 2.4G, y no puede trabajar en 5G.<\/span><\/li>\n<\/ul>\n<\/div>\n<\/div>\n","protected":false},"excerpt":{"rendered":"<p>Marca: + 360 Color: Negro Recomendaci\u00f3n de superficie: Alfombra Tipo de controlador Control de App, Control de Voz Composici\u00f3n de&#8230;<\/p>\n","protected":false},"featured_media":31,"comment_status":"open","ping_status":"closed","template":"","meta":[],"product_cat":[23,25,24],"product_tag":[],"jetpack_sharing_enabled":true,"_links":{"self":[{"href":"https:\/\/saldos.in\/index.php?rest_route=\/wp\/v2\/product\/30"}],"collection":[{"href":"https:\/\/saldos.in\/index.php?rest_route=\/wp\/v2\/product"}],"about":[{"href":"https:\/\/saldos.in\/index.php?rest_route=\/wp\/v2\/types\/product"}],"replies":[{"embeddable":true,"href":"https:\/\/saldos.in\/index.php?rest_route=%2Fwp%2Fv2%2Fcomments&post=30"}],"wp:featuredmedia":[{"embeddable":true,"href":"https:\/\/saldos.in\/index.php?rest_route=\/wp\/v2\/media\/31"}],"wp:attachment":[{"href":"https:\/\/saldos.in\/index.php?rest_route=%2Fwp%2Fv2%2Fmedia&parent=30"}],"wp:term":[{"taxonomy":"product_cat","embeddable":true,"href":"https:\/\/saldos.in\/index.php?rest_route=%2Fwp%2Fv2%2Fproduct_cat&post=30"},{"taxonomy":"product_tag","embeddable":true,"href":"https:\/\/saldos.in\/index.php?rest_route=%2Fwp%2Fv2%2Fproduct_tag&post=30"}],"curies":[{"name":"wp","href":"https:\/\/api.w.org\/{rel}","templated":true}]}}