{"id":76,"date":"2023-12-04T15:54:23","date_gmt":"2023-12-04T21:54:23","guid":{"rendered":"https:\/\/saldos.in\/?post_type=product&#038;p=76"},"modified":"2025-10-20T11:41:14","modified_gmt":"2025-10-20T17:41:14","slug":"kitchenaid-kfc3516er-3-5-cup-food-chopper-empire-red","status":"publish","type":"product","link":"https:\/\/saldos.in\/?product=kitchenaid-kfc3516er-3-5-cup-food-chopper-empire-red","title":{"rendered":"KitchenAid KFC3516ER 3.5 Cup Food Chopper, Empire Red"},"content":{"rendered":"<p>Oferta de s\u00f3lo 100 piezas.<\/p>\n","protected":false},"excerpt":{"rendered":"<div id=\"productOverview_feature_div\" class=\"celwidget\" data-feature-name=\"productOverview\" data-csa-c-type=\"widget\" data-csa-c-content-id=\"productOverview\" data-csa-c-slot-id=\"productOverview_feature_div\" data-csa-c-asin=\"B01LZIHVTC\" data-csa-c-is-in-initial-active-row=\"false\" data-csa-c-id=\"ct8v3s-ey7oy9-nbflgi-i2o5z7\" data-cel-widget=\"productOverview_feature_div\">\n<div class=\"a-section a-spacing-small a-spacing-top-small\">\n<table class=\"a-normal a-spacing-micro\">\n<tbody>\n<tr class=\"a-spacing-small po-brand\">\n<td class=\"a-span3\"><span class=\"a-size-base a-text-bold\">Marca<\/span><\/td>\n<td class=\"a-span9\"><span class=\"a-size-base po-break-word\">KitchenAid<\/span><\/td>\n<\/tr>\n<tr class=\"a-spacing-small po-special_feature\">\n<td class=\"a-span3\"><span class=\"a-size-base a-text-bold\">Caracter\u00edsticas especiales<\/span><\/td>\n<td class=\"a-span9\"><span class=\"a-size-base po-break-word\">Almacenamiento del Cable<\/span><\/td>\n<\/tr>\n<tr class=\"a-spacing-small po-item_depth_width_height\">\n<td class=\"a-span3\"><span class=\"a-size-base a-text-bold\">Dimensiones del producto<\/span><\/td>\n<td class=\"a-span9\"><span class=\"a-size-base po-break-word\">5,95&#8243;prof. x 7&#8243;an. x 8,74&#8243;al. pulgadas<\/span><\/td>\n<\/tr>\n<tr class=\"a-spacing-small po-color\">\n<td class=\"a-span3\"><span class=\"a-size-base a-text-bold\">Color<\/span><\/td>\n<td class=\"a-span9\"><span class=\"a-size-base po-break-word\">Empire Red<\/span><\/td>\n<\/tr>\n<tr class=\"a-spacing-small po-bowl_capacity\">\n<td class=\"a-span3\"><span class=\"a-size-base a-text-bold\">Capacidad del recipiente<\/span><\/td>\n<td class=\"a-span9\"><span class=\"a-size-base po-break-word\">3,5 Tazas<\/span><\/td>\n<\/tr>\n<\/tbody>\n<\/table>\n<\/div>\n<div id=\"glance_icons_div\" class=\"a-section a-spacing-top-base\">\n<hr class=\"a-divider-normal\" aria-hidden=\"true\" \/>\n<table class=\"a-normal\">\n<tbody>\n<tr class=\"a-spacing-base\">\n<td class=\"a-span6\">\n<table class=\"a-normal\">\n<tbody>\n<tr>\n<td><img decoding=\"async\" id=\"\" class=\"a-image-wrapper a-manually-loaded po-glance-desktop-icon\" src=\"https:\/\/m.media-amazon.com\/images\/I\/01MMjwidAUL.svg\" alt=\"\" data-a-image-source=\"https:\/\/m.media-amazon.com\/images\/I\/01MMjwidAUL.svg\" \/><\/td>\n<td><span class=\"a-size-base handle-overflow a-text-bold\">Potencia<\/span><br \/>\n<span class=\"a-size-base handle-overflow\">240 vatios<\/span><\/td>\n<\/tr>\n<\/tbody>\n<\/table>\n<\/td>\n<td class=\"a-span6\">\n<table class=\"a-normal\">\n<tbody>\n<tr>\n<td><img decoding=\"async\" id=\"\" class=\"a-image-wrapper a-manually-loaded po-glance-desktop-icon\" src=\"https:\/\/m.media-amazon.com\/images\/I\/01a9-dByS4L.svg\" alt=\"\" data-a-image-source=\"https:\/\/m.media-amazon.com\/images\/I\/01a9-dByS4L.svg\" \/><\/td>\n<td><span class=\"a-size-base handle-overflow a-text-bold\">Material<\/span><br \/>\n<span class=\"a-size-base handle-overflow\">Pl\u00e1stico<\/span><\/td>\n<\/tr>\n<\/tbody>\n<\/table>\n<\/td>\n<\/tr>\n<tr class=\"a-spacing-base\">\n<td class=\"a-span6\">\n<table class=\"a-normal\">\n<tbody>\n<tr>\n<td><img decoding=\"async\" id=\"\" class=\"a-image-wrapper a-manually-loaded po-glance-desktop-icon\" src=\"https:\/\/m.media-amazon.com\/images\/I\/015-tk7Ca2L.svg\" alt=\"\" data-a-image-source=\"https:\/\/m.media-amazon.com\/images\/I\/015-tk7Ca2L.svg\" \/><\/td>\n<td><span class=\"a-size-base handle-overflow a-text-bold\">Peso del art\u00edculo<\/span><br \/>\n<span class=\"a-size-base handle-overflow\">2,7 Libras<\/span><\/td>\n<\/tr>\n<\/tbody>\n<\/table>\n<\/td>\n<td class=\"a-span6\">\n<table class=\"a-normal\">\n<tbody>\n<tr>\n<td><img decoding=\"async\" id=\"\" class=\"a-image-wrapper a-manually-loaded po-glance-desktop-icon\" src=\"https:\/\/m.media-amazon.com\/images\/I\/01IY5kEWkBL.svg\" alt=\"\" data-a-image-source=\"https:\/\/m.media-amazon.com\/images\/I\/01IY5kEWkBL.svg\" \/><\/td>\n<td><span class=\"a-size-base handle-overflow a-text-bold\">Voltaje<\/span><br \/>\n<span class=\"a-size-base handle-overflow\">120 Voltios<\/span><\/td>\n<\/tr>\n<\/tbody>\n<\/table>\n<\/td>\n<\/tr>\n<\/tbody>\n<\/table>\n<\/div>\n<\/div>\n<div id=\"featurebullets_feature_div\" class=\"celwidget\" data-feature-name=\"featurebullets\" data-csa-c-type=\"widget\" data-csa-c-content-id=\"featurebullets\" data-csa-c-slot-id=\"featurebullets_feature_div\" data-csa-c-asin=\"B01LZIHVTC\" data-csa-c-is-in-initial-active-row=\"false\" data-csa-c-id=\"e6cw98-k8bpft-kp65wi-m0n8v0\" data-cel-widget=\"featurebullets_feature_div\">\n<div id=\"feature-bullets\" class=\"a-section a-spacing-medium a-spacing-top-small\">\n<hr \/>\n<h1 class=\"a-size-base-plus a-text-bold\">Sobre este art\u00edculo<\/h1>\n<ul class=\"a-unordered-list a-vertical a-spacing-mini\">\n<li class=\"a-spacing-mini\"><span class=\"a-list-item\">Pica, mezcla y pur\u00e9 r\u00e1pidamente, todos los d\u00edas<\/span><\/li>\n<li class=\"a-spacing-mini\"><span class=\"a-list-item\">Dos velocidades y pulso<\/span><\/li>\n<li class=\"a-spacing-mini\"><span class=\"a-list-item\">Funcionamiento sencillo de un solo toque:<\/span><\/li>\n<li class=\"a-spacing-mini\"><span class=\"a-list-item\">Cuenco de trabajo sin BPA de 3,5 tazas con boquilla de vertido, mango y hoja de bloqueo<\/span><\/li>\n<li class=\"a-spacing-mini\"><span class=\"a-list-item\">Cubeta para rociar<\/span><\/li>\n<li class=\"a-spacing-mini\"><span class=\"a-list-item\">Compacta y ligera.<\/span><\/li>\n<li class=\"a-spacing-mini\"><span class=\"a-list-item\">F\u00e1cil de limpiar.<\/span><\/li>\n<\/ul>\n<div class=\"a-row a-expander-container a-expander-inline-container\"><a class=\"a-expander-header a-declarative a-expander-extend-header\" role=\"button\" data-csa-c-func-deps=\"aui-da-a-expander-toggle\" data-csa-c-type=\"widget\" data-csa-interaction-events=\"click\" aria-expanded=\"false\" data-action=\"a-expander-toggle\" data-a-expander-toggle=\"{&quot;allowLinkDefault&quot;:true, &quot;expand_prompt&quot;:&quot;Mostrar m\u00e1s&quot;, &quot;collapse_prompt&quot;:&quot;Mostrar menos&quot;}\" data-csa-c-id=\"4m2ke-nebwbd-68d85g-q0rlxb\"><i class=\"a-icon a-icon-extender-expand\"><\/i><span class=\"a-expander-prompt\">Mostrar m\u00e1s<\/span><\/a><\/div>\n<\/div>\n<\/div>\n<div id=\"acf-carousel_feature_div\" class=\"celwidget\" data-feature-name=\"acf-carousel\" data-csa-c-type=\"widget\" data-csa-c-content-id=\"acf-carousel\" data-csa-c-slot-id=\"acf-carousel_feature_div\" data-csa-c-asin=\"B01LZIHVTC\" data-csa-c-is-in-initial-active-row=\"false\" data-csa-c-id=\"1dgzct-614ll1-yzraxs-19whsz\" data-cel-widget=\"acf-carousel_feature_div\"><\/div>\n<div id=\"provenanceCertifications_feature_div\" class=\"celwidget\" data-feature-name=\"provenanceCertifications\" data-csa-c-type=\"widget\" data-csa-c-content-id=\"provenanceCertifications\" data-csa-c-slot-id=\"provenanceCertifications_feature_div\" data-csa-c-asin=\"B01LZIHVTC\" data-csa-c-is-in-initial-active-row=\"false\" data-csa-c-id=\"mkom21-kbufcq-e6zwpi-kilimw\" data-cel-widget=\"provenanceCertifications_feature_div\"><\/div>\n<div id=\"handmadeArtisanCard_feature_div\" class=\"celwidget\" data-feature-name=\"handmadeArtisanCard\" data-csa-c-type=\"widget\" data-csa-c-content-id=\"handmadeArtisanCard\" data-csa-c-slot-id=\"handmadeArtisanCard_feature_div\" data-csa-c-asin=\"B01LZIHVTC\" data-csa-c-is-in-initial-active-row=\"false\" data-csa-c-id=\"xx8nia-4owqt5-85nfv6-z0zyfs\" data-cel-widget=\"handmadeArtisanCard_feature_div\"><\/div>\n<div id=\"billOfMaterial_feature_div\" class=\"celwidget\" data-feature-name=\"billOfMaterial\" data-csa-c-type=\"widget\" data-csa-c-content-id=\"billOfMaterial\" data-csa-c-slot-id=\"billOfMaterial_feature_div\" data-csa-c-asin=\"B01LZIHVTC\" data-csa-c-is-in-initial-active-row=\"false\" data-csa-c-id=\"8bz6kn-acq3cn-5fqlw3-irse0c\" data-cel-widget=\"billOfMaterial_feature_div\"><\/div>\n<div id=\"customerReviewsAttribute_feature_div\" class=\"celwidget\" data-feature-name=\"customerReviewsAttribute\" data-csa-c-type=\"widget\" data-csa-c-content-id=\"customerReviewsAttribute\" data-csa-c-slot-id=\"customerReviewsAttribute_feature_div\" data-csa-c-asin=\"B01LZIHVTC\" data-csa-c-is-in-initial-active-row=\"false\" data-csa-c-id=\"x2dsnj-rtqt29-yfdoo2-9q2snf\" data-cel-widget=\"customerReviewsAttribute_feature_div\">\n<div class=\"cra-desktop-width \">\n<div class=\"a-row a-spacing-base\">\n<h1 class=\"a-size-base-plus a-text-bold\">Calificaciones de los clientes por caracter\u00edstica<\/h1>\n<\/div>\n<div class=\"a-row a-spacing-none\">\n<div class=\"a-section a-spacing-none\">\n<div class=\"a-fixed-right-grid a-spacing-base\">\n<div class=\"a-fixed-right-grid-inner a-grid-vertical-align a-grid-center\">\n<div class=\"a-fixed-right-grid-col a-col-left\">\n<div class=\"a-row\"><span class=\"a-size-base a-color-base\">Poder de mezclado: <\/span><span class=\"a-size-base a-color-tertiary\">4.4<\/span><\/div>\n<\/div>\n<\/div>\n<\/div>\n<\/div>\n<div class=\"a-section a-spacing-none\">\n<div class=\"a-fixed-right-grid a-spacing-base\">\n<div class=\"a-fixed-right-grid-inner a-grid-vertical-align a-grid-center\">\n<div class=\"a-fixed-right-grid-col a-col-left\">\n<div class=\"a-row\"><span class=\"a-size-base a-color-base\">F\u00e1cil de limpiar: <\/span><span class=\"a-size-base a-color-tertiary\">4.4<\/span><\/div>\n<\/div>\n<\/div>\n<\/div>\n<\/div>\n<div class=\"a-section a-spacing-none\">\n<div class=\"a-fixed-right-grid a-spacing-base\">\n<div class=\"a-fixed-right-grid-inner a-grid-vertical-align a-grid-center\">\n<div class=\"a-fixed-right-grid-col a-col-left\">\n<div class=\"a-row\"><span class=\"a-size-base a-color-base\">Caracter\u00edsticas de seguridad:<\/span>\u00a0<span class=\"a-size-base a-color-tertiary\">4.4<\/span><\/div>\n<\/div>\n<\/div>\n<\/div>\n<\/div>\n<div class=\"a-section a-spacing-none\">\n<div class=\"a-fixed-right-grid a-spacing-base\">\n<div class=\"a-fixed-right-grid-inner a-grid-vertical-align a-grid-center\">\n<div class=\"a-fixed-right-grid-col a-col-left\">\n<div class=\"a-row\"><span class=\"a-size-base a-color-base\">F\u00e1cil de usar: <\/span><span class=\"a-size-base a-color-tertiary\">4.3<\/span><\/div>\n<\/div>\n<\/div>\n<\/div>\n<\/div>\n<\/div>\n<\/div>\n<\/div>\n","protected":false},"featured_media":81,"comment_status":"open","ping_status":"closed","template":"","meta":[],"product_cat":[54],"product_tag":[55],"jetpack_sharing_enabled":true,"_links":{"self":[{"href":"https:\/\/saldos.in\/index.php?rest_route=\/wp\/v2\/product\/76"}],"collection":[{"href":"https:\/\/saldos.in\/index.php?rest_route=\/wp\/v2\/product"}],"about":[{"href":"https:\/\/saldos.in\/index.php?rest_route=\/wp\/v2\/types\/product"}],"replies":[{"embeddable":true,"href":"https:\/\/saldos.in\/index.php?rest_route=%2Fwp%2Fv2%2Fcomments&post=76"}],"wp:featuredmedia":[{"embeddable":true,"href":"https:\/\/saldos.in\/index.php?rest_route=\/wp\/v2\/media\/81"}],"wp:attachment":[{"href":"https:\/\/saldos.in\/index.php?rest_route=%2Fwp%2Fv2%2Fmedia&parent=76"}],"wp:term":[{"taxonomy":"product_cat","embeddable":true,"href":"https:\/\/saldos.in\/index.php?rest_route=%2Fwp%2Fv2%2Fproduct_cat&post=76"},{"taxonomy":"product_tag","embeddable":true,"href":"https:\/\/saldos.in\/index.php?rest_route=%2Fwp%2Fv2%2Fproduct_tag&post=76"}],"curies":[{"name":"wp","href":"https:\/\/api.w.org\/{rel}","templated":true}]}}