{"id":91,"date":"2024-01-07T12:27:13","date_gmt":"2024-01-07T18:27:13","guid":{"rendered":"https:\/\/saldos.in\/?post_type=product&#038;p=91"},"modified":"2025-10-06T06:06:07","modified_gmt":"2025-10-06T12:06:07","slug":"shein-lote-moda","status":"publish","type":"product","link":"https:\/\/saldos.in\/?product=shein-lote-moda","title":{"rendered":"SHEIN Lote Moda"},"content":{"rendered":"<p>Lote de Ropa Marca SHEIN nueva.<\/p>\n<p>Cantidad: Variables.<\/p>\n<p>Tipo: Variable.<\/p>\n<p>Talla y Color Variable.<\/p>\n<p>Genera un gran negocio!!!!<\/p>\n<p>\u00a1Elige el estilo, la comodidad y la moda con este incre\u00edble lote de prendas SHEIN! En este conjunto diverso y vers\u00e1til podr\u00edas encontrar desde la elegancia casual hasta lo m\u00e1s trendy en moda urbana. Con una variedad de tops de moda, jeans modernos, vestidos chic y accesorios glamorosos, este lote es un tesoro para tu armario. Confeccionado con tejidos de calidad, dise\u00f1os vanguardistas y detalles meticulosos, cada prenda est\u00e1 dise\u00f1ada para destacar y hacer una declaraci\u00f3n de estilo. \u00a1Haz de SHEIN tu destino para un guardarropa a la moda y a precios incre\u00edbles!<\/p>\n","protected":false},"excerpt":{"rendered":"<p>Lote de Ropa Marca SHEIN nueva. Cantidad: Variables. Tipo: Variable. Talla y Color Variable. Genera un gran negocio!!!! \u00a1Elige el&#8230;<\/p>\n","protected":false},"featured_media":92,"comment_status":"open","ping_status":"closed","template":"","meta":[],"product_cat":[56],"product_tag":[],"jetpack_sharing_enabled":true,"_links":{"self":[{"href":"https:\/\/saldos.in\/index.php?rest_route=\/wp\/v2\/product\/91"}],"collection":[{"href":"https:\/\/saldos.in\/index.php?rest_route=\/wp\/v2\/product"}],"about":[{"href":"https:\/\/saldos.in\/index.php?rest_route=\/wp\/v2\/types\/product"}],"replies":[{"embeddable":true,"href":"https:\/\/saldos.in\/index.php?rest_route=%2Fwp%2Fv2%2Fcomments&post=91"}],"wp:featuredmedia":[{"embeddable":true,"href":"https:\/\/saldos.in\/index.php?rest_route=\/wp\/v2\/media\/92"}],"wp:attachment":[{"href":"https:\/\/saldos.in\/index.php?rest_route=%2Fwp%2Fv2%2Fmedia&parent=91"}],"wp:term":[{"taxonomy":"product_cat","embeddable":true,"href":"https:\/\/saldos.in\/index.php?rest_route=%2Fwp%2Fv2%2Fproduct_cat&post=91"},{"taxonomy":"product_tag","embeddable":true,"href":"https:\/\/saldos.in\/index.php?rest_route=%2Fwp%2Fv2%2Fproduct_tag&post=91"}],"curies":[{"name":"wp","href":"https:\/\/api.w.org\/{rel}","templated":true}]}}